{"id":73,"date":"2021-02-09T15:49:26","date_gmt":"2021-02-09T15:49:26","guid":{"rendered":"http:\/\/icelandfishexpo.webdev.is\/?page_id=73"},"modified":"2025-10-01T10:15:34","modified_gmt":"2025-10-01T10:15:34","slug":"basapantanir","status":"publish","type":"page","link":"https:\/\/idnadarsyningin.is\/en\/basapantanir\/","title":{"rendered":"Book a stand"},"content":{"rendered":"<p>[et_pb_section fb_built=&#8220;1&#8243; next_background_color=&#8220;rgba(250,250,250,0.7)&#8220; admin_label=&#8220;Header&#8220; _builder_version=&#8220;4.8.2&#8243; min_height=&#8220;272.3px&#8220; bottom_divider_style=&#8220;wave&#8220; bottom_divider_height=&#8220;10vw&#8220; bottom_divider_flip=&#8220;horizontal&#8220;][et_pb_row column_structure=&#8220;1_2,1_2&#8243; _builder_version=&#8220;4.8.2&#8243; background_size=&#8220;contain&#8220;][et_pb_column type=&#8220;1_2&#8243; _builder_version=&#8220;3.25&#8243; custom_padding=&#8220;|||&#8220; custom_padding_tablet=&#8220;0px|||&#8220; custom_padding_last_edited=&#8220;off|desktop&#8220; custom_padding__hover=&#8220;|||&#8220;][et_pb_text _builder_version=&#8220;4.8.2&#8243; text_font=&#8220;||||||||&#8220; ul_font=&#8220;||||||||&#8220; ol_font=&#8220;||||||||&#8220; header_font=&#8220;Montserrat|500||on|||||&#8220; header_font_size=&#8220;18px&#8220; header_letter_spacing=&#8220;5px&#8220; header_line_height=&#8220;1.5em&#8220; header_2_font=&#8220;Merriweather|700|||||||&#8220; header_2_font_size=&#8220;60px&#8220; header_2_line_height=&#8220;1.4em&#8220; header_3_font=&#8220;||||||||&#8220; header_4_font=&#8220;||||||||&#8220; header_5_font=&#8220;||||||||&#8220; header_6_font=&#8220;||||||||&#8220; header_font_size_tablet=&#8220;&#8220; header_font_size_phone=&#8220;12px&#8220; header_font_size_last_edited=&#8220;on|desktop&#8220; header_2_font_size_tablet=&#8220;50px&#8220; header_2_font_size_phone=&#8220;30px&#8220; header_2_font_size_last_edited=&#8220;on|desktop&#8220;]<\/p>\n<h2><span style=\"color: #e09900;\">B\u00d3KA B\u00c1S<\/span><\/h2>\n<h1><span style=\"font-size: medium;\">HAF\u00f0U SAMBAND OG B\u00d3KA\u00d0U SV\u00c6\u00d0I!<\/span><\/h1>\n<p><span style=\"font-size: medium;\">\u00a0<\/span><\/p>\n<p>[\/et_pb_text][\/et_pb_column][et_pb_column type=&#8220;1_2&#8243; _builder_version=&#8220;3.25&#8243; custom_padding=&#8220;|||&#8220; custom_padding__hover=&#8220;|||&#8220;][\/et_pb_column][\/et_pb_row][\/et_pb_section][et_pb_section fb_built=&#8220;1&#8243; admin_label=&#8220;Consultation&#8220; _builder_version=&#8220;4.8.2&#8243; background_color=&#8220;rgba(250,250,250,0.7)&#8220; use_background_color_gradient=&#8220;on&#8220; background_color_gradient_start=&#8220;rgba(250,250,250,0.14)&#8220; background_color_gradient_end=&#8220;#ffffff&#8220; min_height=&#8220;890.6px&#8220; custom_margin=&#8220;-49px||-199px||false|false&#8220; custom_padding=&#8220;||54px|||&#8220;][et_pb_row column_structure=&#8220;1_2,1_2&#8243; _builder_version=&#8220;4.8.2&#8243; min_height=&#8220;838.1px&#8220; custom_margin=&#8220;-69px|auto||auto|false|false&#8220; custom_padding=&#8220;85px||||false|false&#8220; locked=&#8220;off&#8220;][et_pb_column type=&#8220;1_2&#8243; _builder_version=&#8220;3.25&#8243; custom_padding=&#8220;60px|||&#8220; custom_padding_tablet=&#8220;0px|||&#8220; custom_padding_phone=&#8220;&#8220; custom_padding_last_edited=&#8220;on|tablet&#8220; padding_tablet=&#8220;0px|||&#8220; padding_last_edited=&#8220;on|tablet&#8220; custom_padding__hover=&#8220;|||&#8220;][et_pb_text content_last_edited=&#8220;off|desktop&#8220; _builder_version=&#8220;4.8.2&#8243; text_font=&#8220;||||||||&#8220; text_line_height=&#8220;2em&#8220; header_font=&#8220;||||||||&#8220; header_text_align=&#8220;left&#8220; header_3_font=&#8220;Merriweather|700|||||||&#8220; header_3_font_size=&#8220;26px&#8220; header_3_line_height=&#8220;1.6em&#8220; max_width=&#8220;99.6%&#8220; max_width_tablet=&#8220;&#8220; max_width_phone=&#8220;&#8220; max_width_last_edited=&#8220;on|phone&#8220; module_alignment=&#8220;left&#8220; min_height=&#8220;975.6px&#8220; custom_margin=&#8220;-53px|2px|-266px||false|false&#8220; custom_margin_tablet=&#8220;&#8220; custom_margin_phone=&#8220;||-93px||false|false&#8220; custom_margin_last_edited=&#8220;on|phone&#8220; custom_padding=&#8220;0px||0px||false|false&#8220; hover_enabled=&#8220;0&#8243; header_3_font_size_tablet=&#8220;&#8220; header_3_font_size_phone=&#8220;20px&#8220; header_3_font_size_last_edited=&#8220;on|phone&#8220; locked=&#8220;off&#8220; sticky_enabled=&#8220;0&#8243;]<\/p>\n<h3>\u00de\u00e1ttt\u00f6kukostna\u00f0ur<\/h3>\n<p><strong>Innifali\u00f0 \u00ed b\u00e1sagjaldi:<\/strong><span>\u00a0<\/span>S\u00fdnendur f\u00e1 eins marga bo\u00f0smi\u00f0a og \u00feeir \u00f3ska<br \/> b\u00e6\u00f0i fyrir gesti og starfsmenn \u2013 \u00feeim a\u00f0 kostna\u00f0arlausu. Steingr\u00e1ar<br \/> teppafl\u00edsar lag\u00f0ar \u00e1 b\u00e1s. R\u00e6sting ver\u00f0ur \u00e1 almennu r\u00fdmi og<br \/> punktal\u00fdsing \u00e1 g\u00f6ngum s\u00fdningarsv\u00e6\u00f0is. \u00der\u00e1\u00f0laust net sett upp \u00e1 s\u00fdningarsv\u00e6\u00f0um og \u00ed almennu r\u00fdmi og \u00fear ver\u00f0ur \u00f6ryggisg\u00e6sla og<br \/> einnig \u00e1 afgirtu \u00fatisv\u00e6\u00f0i.<\/p>\n<p>Athugi\u00f0: Rafmagnsnotkun er innifalin en ekki rafmagnstenglar \u00ed b\u00e1sa.<\/p>\n<p>B\u00e1saver\u00f0 er<span>\u00a0<\/span><strong>kr. 24.500+vsk<\/strong><span>\u00a0<\/span>p.fm. Sta\u00f0festingargjald<span>\u00a0<\/span><strong>kr. 45.000+vsk.<span>\u00a0<\/span><\/strong>sem<br \/> tryggir s\u00fdningarpl\u00e1ss (\u00f3afturkr\u00e6ft). Einnig ver\u00f0ur bo\u00f0i\u00f0 upp \u00e1 afgirt og vakta\u00f0 \u00fatisv\u00e6\u00f0i vi\u00f0 vesturhli\u00f0 hallar \u00e1<span>\u00a0<\/span><strong>kr. 6.900+vsk.<\/strong><span>\u00a0<\/span>p.fm.<\/p>\n<p>S\u00fdnendur geta vali\u00f0 s\u00fdningarkerfafyrirt\u00e6ki e\u00f0a komi\u00f0 me\u00f0 eigi\u00f0 b\u00e1sakerfi.<\/p>\n<p>Rits\u00fdn er \u00ed samstarfi vi\u00f0<span>\u00a0<\/span><strong>Merkingu<\/strong><span>\u00a0<\/span>sem er me\u00f0 tilbo\u00f0 \u00e1 kerfum. Innifali\u00f0 \u00e1 tilbo\u00f0inu er eftirfarandi: Kerfisveggir settir upp og uppsetning \u00e1 kappa\/facia<br \/> board. Merking me\u00f0 nafni s\u00fdnanda \u00e1 kappa og \u00ferj\u00fa lj\u00f3s. Ver\u00f0<strong><span>\u00a0<\/span>kr. 9.900+vsk.<\/strong><span>\u00a0<\/span>p.fm.<\/p>\n<p>Hafi\u00f0 samband vi\u00f0 Merkingu &#8211; <a href=\"mailto:syningar@merking.is\">syningar@merking.is<\/a>\u00a0e\u00f0a \u00ed \u00fej\u00f3nustus\u00edma s\u00fdninga 620-0017.\u00a0<\/p>\n<p>Athugi\u00f0 a\u00f0 Rits\u00fdn er ekki me\u00f0 s\u00fdningarkerfi.<\/p>\n<p>S\u00fdningarsv\u00e6\u00f0um ver\u00f0ur \u00fathluta\u00f0 eftir kerfinu \u201efyrstur kemur fyrstur<br \/> f\u00e6r\u201c.<\/p>\n<p>Til a\u00f0 b\u00f3ka sv\u00e6\u00f0i er h\u00e6gt a\u00f0 hafa samband vi\u00f0:<\/p>\n<p>[\/et_pb_text][\/et_pb_column][et_pb_column type=&#8220;1_2&#8243; _builder_version=&#8220;3.25&#8243; custom_padding=&#8220;|||&#8220; custom_padding__hover=&#8220;|||&#8220;][\/et_pb_column][\/et_pb_row][\/et_pb_section][et_pb_section fb_built=&#8220;1&#8243; _builder_version=&#8220;4.8.2&#8243; _module_preset=&#8220;default&#8220; min_height=&#8220;187.4px&#8220; custom_margin=&#8220;1px||-17px|||&#8220; custom_padding=&#8220;209px|||||&#8220; locked=&#8220;off&#8220;][et_pb_row column_structure=&#8220;1_2,1_2&#8243; _builder_version=&#8220;4.8.2&#8243; _module_preset=&#8220;default&#8220; min_height=&#8220;210.4px&#8220; custom_padding=&#8220;0px|||||&#8220;][et_pb_column type=&#8220;1_2&#8243; _builder_version=&#8220;4.8.2&#8243; _module_preset=&#8220;default&#8220;][et_pb_code _builder_version=&#8220;4.8.2&#8243; _module_preset=&#8220;default&#8220; min_height=&#8220;48.6px&#8220;]<strong><span style=\"color: #e09900;\">FRAMKV\u00c6MDARSTJ\u00d3RI<\/br><\/span>\u00d3lafur M. J\u00f3hannesson<\/strong><!-- [et_pb_line_break_holder] -->[\/et_pb_code][et_pb_blurb title=&#8220;T\u00d6LVUP\u00d3STUR&#8220; use_icon=&#8220;on&#8220; font_icon=&#8220;%%238%%&#8220; icon_color=&#8220;#ffffff&#8220; use_circle=&#8220;on&#8220; circle_color=&#8220;#f5ba6a&#8220; icon_placement=&#8220;left&#8220; content_max_width=&#8220;1100px&#8220; _builder_version=&#8220;3.15&#8243; header_level=&#8220;h5&#8243; header_font=&#8220;|700||on|||||&#8220; header_text_color=&#8220;#000000&#8243; header_font_size=&#8220;11px&#8220; header_letter_spacing=&#8220;1px&#8220; header_line_height=&#8220;2em&#8220; body_font_size=&#8220;12px&#8220; body_line_height=&#8220;1.6em&#8220; custom_padding=&#8220;|||&#8220; animation=&#8220;off&#8220; border_radii=&#8220;on|10px|10px|10px|10px&#8220; locked=&#8220;off&#8220;]<\/p>\n<p><em><a href=\"mailto:olafur@ritsyn.is\">olafur@ritsyn.is<\/a><\/em><\/p>\n<p>[\/et_pb_blurb][et_pb_blurb title=&#8220;S\u00cdMI&#8220; use_icon=&#8220;on&#8220; font_icon=&#8220;%%264%%&#8220; icon_color=&#8220;#ffffff&#8220; use_circle=&#8220;on&#8220; circle_color=&#8220;#cc6b59&#8243; icon_placement=&#8220;left&#8220; content_max_width=&#8220;1100px&#8220; _builder_version=&#8220;4.8.2&#8243; header_level=&#8220;h5&#8243; header_font=&#8220;|700||on|||||&#8220; header_text_color=&#8220;#000000&#8243; header_font_size=&#8220;11px&#8220; header_letter_spacing=&#8220;1px&#8220; header_line_height=&#8220;2em&#8220; body_font_size=&#8220;12px&#8220; body_line_height=&#8220;1.6em&#8220; custom_margin=&#8220;-17px|||||&#8220; custom_padding=&#8220;|||&#8220; animation=&#8220;off&#8220; border_radii=&#8220;on|10px|10px|10px|10px&#8220; locked=&#8220;off&#8220;]<\/p>\n<p><span>698 8150<\/span><\/p>\n<p>[\/et_pb_blurb][\/et_pb_column][et_pb_column type=&#8220;1_2&#8243; _builder_version=&#8220;4.8.2&#8243; _module_preset=&#8220;default&#8220;][et_pb_text _builder_version=&#8220;4.8.2&#8243; _module_preset=&#8220;default&#8220;]<strong><span style=\"color: #e09900;\">MARKA\u00d0SSTJ\u00d3RI<\/br><\/span>Inga<\/strong>[\/et_pb_text][et_pb_blurb title=&#8220;T\u00d6LVUP\u00d3STUR&#8220; use_icon=&#8220;on&#8220; font_icon=&#8220;%%238%%&#8220; icon_color=&#8220;#ffffff&#8220; use_circle=&#8220;on&#8220; circle_color=&#8220;#f5ba6a&#8220; icon_placement=&#8220;left&#8220; content_max_width=&#8220;1100px&#8220; _builder_version=&#8220;4.8.2&#8243; header_level=&#8220;h5&#8243; header_font=&#8220;|700||on|||||&#8220; header_text_color=&#8220;#000000&#8243; header_font_size=&#8220;11px&#8220; header_letter_spacing=&#8220;1px&#8220; header_line_height=&#8220;2em&#8220; body_font_size=&#8220;12px&#8220; body_line_height=&#8220;1.6em&#8220; custom_padding=&#8220;|||&#8220; animation=&#8220;off&#8220; border_radii=&#8220;on|10px|10px|10px|10px&#8220; locked=&#8220;off&#8220;]<\/p>\n<p><em><a href=\"mailto:inga@ritform.is\">inga@ritform.is<\/a><\/em><\/p>\n<p>[\/et_pb_blurb][et_pb_blurb title=&#8220;S\u00cdMI&#8220; use_icon=&#8220;on&#8220; font_icon=&#8220;%%264%%&#8220; icon_color=&#8220;#ffffff&#8220; use_circle=&#8220;on&#8220; circle_color=&#8220;#cc6b59&#8243; icon_placement=&#8220;left&#8220; content_max_width=&#8220;1100px&#8220; _builder_version=&#8220;4.8.2&#8243; header_level=&#8220;h5&#8243; header_font=&#8220;|700||on|||||&#8220; header_text_color=&#8220;#000000&#8243; header_font_size=&#8220;11px&#8220; header_letter_spacing=&#8220;1px&#8220; header_line_height=&#8220;2em&#8220; body_font_size=&#8220;12px&#8220; body_line_height=&#8220;1.6em&#8220; custom_margin=&#8220;-17px|||||&#8220; custom_padding=&#8220;|||&#8220; animation=&#8220;off&#8220; border_radii=&#8220;on|10px|10px|10px|10px&#8220; locked=&#8220;off&#8220;]<\/p>\n<p><span>898 8022<\/span><\/p>\n<p>[\/et_pb_blurb][\/et_pb_column][\/et_pb_row][\/et_pb_section][et_pb_section fb_built=&#8220;1&#8243; prev_background_color=&#8220;#ffffff&#8220; admin_label=&#8220;About Me&#8220; _builder_version=&#8220;4.8.2&#8243; background_color=&#8220;#038c94&#8243; custom_padding=&#8220;100px|0px|54px|0px|false|false&#8220; top_divider_style=&#8220;curve&#8220; top_divider_height=&#8220;6vw&#8220; top_divider_flip=&#8220;vertical&#8220;][\/et_pb_section]<\/p>\n","protected":false},"excerpt":{"rendered":"<p>[et_pb_section fb_built=&#8220;1&#8243; next_background_color=&#8220;rgba(250,250,250,0.7)&#8220; admin_label=&#8220;Header&#8220; _builder_version=&#8220;4.8.2&#8243; min_height=&#8220;272.3px&#8220; bottom_divider_style=&#8220;wave&#8220; bottom_divider_height=&#8220;10vw&#8220; bottom_divider_flip=&#8220;horizontal&#8220;][et_pb_row column_structure=&#8220;1_2,1_2&#8243; _builder_version=&#8220;4.8.2&#8243; background_size=&#8220;contain&#8220;][et_pb_column type=&#8220;1_2&#8243; _builder_version=&#8220;3.25&#8243; custom_padding=&#8220;|||&#8220; custom_padding_tablet=&#8220;0px|||&#8220; custom_padding_last_edited=&#8220;off|desktop&#8220; custom_padding__hover=&#8220;|||&#8220;][et_pb_text _builder_version=&#8220;4.8.2&#8243; text_font=&#8220;||||||||&#8220; ul_font=&#8220;||||||||&#8220; ol_font=&#8220;||||||||&#8220; header_font=&#8220;Montserrat|500||on|||||&#8220; header_font_size=&#8220;18px&#8220; header_letter_spacing=&#8220;5px&#8220; header_line_height=&#8220;1.5em&#8220; header_2_font=&#8220;Merriweather|700|||||||&#8220; header_2_font_size=&#8220;60px&#8220; header_2_line_height=&#8220;1.4em&#8220; header_3_font=&#8220;||||||||&#8220; header_4_font=&#8220;||||||||&#8220; header_5_font=&#8220;||||||||&#8220; header_6_font=&#8220;||||||||&#8220; header_font_size_tablet=&#8220;&#8220; header_font_size_phone=&#8220;12px&#8220; header_font_size_last_edited=&#8220;on|desktop&#8220; header_2_font_size_tablet=&#8220;50px&#8220; header_2_font_size_phone=&#8220;30px&#8220; header_2_font_size_last_edited=&#8220;on|desktop&#8220;] B\u00d3KA B\u00c1S HAF\u00f0U SAMBAND OG B\u00d3KA\u00d0U SV\u00c6\u00d0I! \u00a0 [\/et_pb_text][\/et_pb_column][et_pb_column type=&#8220;1_2&#8243; _builder_version=&#8220;3.25&#8243; custom_padding=&#8220;|||&#8220; custom_padding__hover=&#8220;|||&#8220;][\/et_pb_column][\/et_pb_row][\/et_pb_section][et_pb_section fb_built=&#8220;1&#8243; admin_label=&#8220;Consultation&#8220; _builder_version=&#8220;4.8.2&#8243; [&hellip;]<\/p>\n","protected":false},"author":1,"featured_media":0,"parent":0,"menu_order":0,"comment_status":"closed","ping_status":"closed","template":"","meta":{"_et_pb_use_builder":"on","_et_pb_old_content":"","_et_gb_content_width":"","footnotes":""},"class_list":["post-73","page","type-page","status-publish","hentry"],"_links":{"self":[{"href":"https:\/\/idnadarsyningin.is\/en\/wp-json\/wp\/v2\/pages\/73","targetHints":{"allow":["GET"]}}],"collection":[{"href":"https:\/\/idnadarsyningin.is\/en\/wp-json\/wp\/v2\/pages"}],"about":[{"href":"https:\/\/idnadarsyningin.is\/en\/wp-json\/wp\/v2\/types\/page"}],"author":[{"embeddable":true,"href":"https:\/\/idnadarsyningin.is\/en\/wp-json\/wp\/v2\/users\/1"}],"replies":[{"embeddable":true,"href":"https:\/\/idnadarsyningin.is\/en\/wp-json\/wp\/v2\/comments?post=73"}],"version-history":[{"count":108,"href":"https:\/\/idnadarsyningin.is\/en\/wp-json\/wp\/v2\/pages\/73\/revisions"}],"predecessor-version":[{"id":2967,"href":"https:\/\/idnadarsyningin.is\/en\/wp-json\/wp\/v2\/pages\/73\/revisions\/2967"}],"wp:attachment":[{"href":"https:\/\/idnadarsyningin.is\/en\/wp-json\/wp\/v2\/media?parent=73"}],"curies":[{"name":"wp","href":"https:\/\/api.w.org\/{rel}","templated":true}]}}