{"id":11,"date":"2021-02-09T15:34:15","date_gmt":"2021-02-09T15:34:15","guid":{"rendered":"http:\/\/icelandfishexpo.webdev.is\/?page_id=11"},"modified":"2026-01-13T00:45:36","modified_gmt":"2026-01-13T00:45:36","slug":"heim","status":"publish","type":"page","link":"https:\/\/idnadarsyningin.is\/en\/","title":{"rendered":"Home"},"content":{"rendered":"<p>[et_pb_section fb_built=&#8220;1&#8243; next_background_color=&#8220;#fafafa&#8220; admin_label=&#8220;Header&#8220; _builder_version=&#8220;4.8.2&#8243; background_enable_color=&#8220;off&#8220; use_background_color_gradient=&#8220;on&#8220; background_color_gradient_start=&#8220;#038c94&#8243; background_color_gradient_end=&#8220;#051c2d&#8220; background_color_gradient_type=&#8220;radial&#8220; background_color_gradient_direction_radial=&#8220;top&#8220; background_color_gradient_start_position=&#8220;19%&#8220; background_enable_image=&#8220;off&#8220; min_height=&#8220;294px&#8220; min_height_tablet=&#8220;&#8220; min_height_phone=&#8220;&#8220; min_height_last_edited=&#8220;on|phone&#8220; custom_margin=&#8220;0px||0px||false|false&#8220; custom_margin_tablet=&#8220;-50px||||false|false&#8220; custom_margin_phone=&#8220;-56px||-56px||true|false&#8220; custom_margin_last_edited=&#8220;on|desktop&#8220; custom_padding=&#8220;0px||0vw||false|false&#8220; top_divider_height=&#8220;63px&#8220; top_divider_flip=&#8220;horizontal&#8220; bottom_divider_style=&#8220;waves2&#8243; bottom_divider_height=&#8220;3vw&#8220; bottom_divider_flip=&#8220;vertical&#8220; link_option_url_new_window=&#8220;on&#8220; background_last_edited=&#8220;on|desktop&#8220; parallax_phone=&#8220;off&#8220; custom_margin__hover_enabled=&#8220;off|desktop&#8220;][et_pb_row _builder_version=&#8220;4.8.2&#8243; _module_preset=&#8220;default&#8220; custom_margin=&#8220;|auto|-27px|auto||&#8220; custom_padding=&#8220;28px||75px|||&#8220;][et_pb_column type=&#8220;4_4&#8243; _builder_version=&#8220;4.8.2&#8243; _module_preset=&#8220;default&#8220;][et_pb_image src=&#8220;https:\/\/idnadarsyningin.is\/wp-content\/uploads\/2025\/08\/logoNOTA.png&#8220; alt=&#8220;I\u00f0na\u00f0ars\u00fdningin 2023&#8243; title_text=&#8220;logoNOTA&#8220; align=&#8220;center&#8220; src_tablet=&#8220;https:\/\/idnadarsyningin.is\/wp-content\/uploads\/2025\/08\/logoNOTA-1.png&#8220; src_phone=&#8220;https:\/\/idnadarsyningin.is\/wp-content\/uploads\/2025\/08\/logoNOTA-1.png&#8220; src_last_edited=&#8220;on|desktop&#8220; disabled_on=&#8220;off|off|off&#8220; _builder_version=&#8220;4.8.2&#8243; _module_preset=&#8220;default&#8220; background_enable_color=&#8220;off&#8220; use_background_color_gradient=&#8220;off&#8220; background_enable_image=&#8220;off&#8220; max_width=&#8220;29%&#8220; max_width_tablet=&#8220;34%&#8220; max_width_phone=&#8220;&#8220; max_width_last_edited=&#8220;on|tablet&#8220; min_height=&#8220;158px&#8220; custom_margin=&#8220;0px||0px||false|false&#8220; custom_padding=&#8220;55px|0|0px|0|false|true&#8220; animation_style=&#8220;none&#8220; hover_transition_duration=&#8220;0ms&#8220;][\/et_pb_image][et_pb_text content_tablet=&#8220;&#8220; content_phone=&#8220;<\/p>\n<h1 style=%22text-align: center;%22>I\u00d0NA\u00d0ARS\u00ddNINGIN 2025<\/h1>\n<h2 style=%22text-align: center;%22><\/h2>\n<p>&#8220; content_last_edited=&#8220;on|phone&#8220; _builder_version=&#8220;4.8.2&#8243; _module_preset=&#8220;default&#8220; text_font=&#8220;|700|||||||&#8220; text_text_color=&#8220;#FFFFFF&#8220; text_font_size=&#8220;39px&#8220; header_font=&#8220;|700|||||||&#8220; header_text_color=&#8220;#FFFFFF&#8220; header_font_size=&#8220;35px&#8220; header_2_font=&#8220;|600|||||||&#8220; header_2_text_color=&#8220;#FFFFFF&#8220; custom_margin=&#8220;-18px|||||&#8220; custom_padding=&#8220;23px||4px||false|false&#8220; hover_enabled=&#8220;0&#8243; sticky_enabled=&#8220;0&#8243;]<\/p>\n<h1 style=\"text-align: center;\">I\u00d0NA\u00d0ARS\u00ddNINGIN<\/h1>\n<h2 style=\"text-align: center;\"><\/h2>\n<p>[\/et_pb_text][\/et_pb_column][\/et_pb_row][\/et_pb_section][et_pb_section fb_built=&#8220;1&#8243; admin_label=&#8220;Features&#8220; _builder_version=&#8220;4.8.2&#8243; background_color=&#8220;#fafafa&#8220; min_height=&#8220;780.5px&#8220; custom_margin=&#8220;60px||-74px|||&#8220; custom_padding=&#8220;0px||0px|||&#8220;][et_pb_row _builder_version=&#8220;4.8.2&#8243; _module_preset=&#8220;default&#8220; custom_margin=&#8220;-59px|auto|47px|auto||&#8220; custom_padding=&#8220;||635px|||&#8220;][et_pb_column type=&#8220;4_4&#8243; _builder_version=&#8220;4.8.2&#8243; _module_preset=&#8220;default&#8220; custom_padding=&#8220;0px||0px||false|false&#8220;][et_pb_image src=&#8220;https:\/\/idnadarsyningin.is\/wp-content\/uploads\/2023\/01\/holl-1.jpg&#8220; title_text=&#8220;holl&#8220; _builder_version=&#8220;4.8.2&#8243; _module_preset=&#8220;default&#8220; custom_margin=&#8220;||-27px||false|false&#8220; custom_padding=&#8220;0px|0|0px|0|false|true&#8220; animation_style=&#8220;none&#8220; border_radii=&#8220;on|13px|13px|13px|13px&#8220;][\/et_pb_image][et_pb_text _builder_version=&#8220;4.8.2&#8243; text_font=&#8220;||||||||&#8220; text_line_height=&#8220;2em&#8220; header_font=&#8220;||||||||&#8220; header_2_font=&#8220;Merriweather|700|||||||&#8220; header_2_font_size=&#8220;36px&#8220; header_2_line_height=&#8220;1.6em&#8220; width=&#8220;99.6%&#8220; min_height=&#8220;233px&#8220; custom_margin=&#8220;-32px||-650px||false|false&#8220; custom_padding=&#8220;41px|23px|0px|0px|false|false&#8220; header_2_font_size_tablet=&#8220;&#8220; header_2_font_size_phone=&#8220;20px&#8220; header_2_font_size_last_edited=&#8220;on|phone&#8220; locked=&#8220;off&#8220;]<\/p>\n<h2><strong>I\u00f0na\u00f0ars\u00fdningin 2025 ver\u00f0ur haldin \u00ed <\/strong>Laugardalsh\u00f6ll 9.-11. okt\u00f3ber 2025.<\/h2>\n<p><span style=\"font-size: 14px;\">I\u00f0na\u00f0ars\u00fdningin 2023 heppna\u00f0ist einstaklega vel og var a\u00f0s\u00f3kn mikil og b\u00e1sar gl\u00e6silegir. <\/span><strong style=\"font-size: 14px;\">I\u00d0NA\u00d0ARS\u00ddNINGIN 2025\u00a0<\/strong><span style=\"font-size: 14px;\">ver\u00f0ur haldin \u00ed <\/span><strong style=\"font-size: 14px;\">Laugardalsh\u00f6llinni 9.-11. okt\u00f3ber <\/strong>og eru<span style=\"font-size: 14px;\">\u00a0helstu svi\u00f0 s\u00fdningarinnar: <\/span><strong style=\"font-size: 14px;\">mannvirki, orka, innvi\u00f0ir, h\u00f6nnun og vistv\u00e6nar lausnir.<\/strong><\/p>\n<p>I\u00f0na\u00f0ur er mj\u00f6g st\u00f3r hluti hagkerfis okkar. Samkv\u00e6mt hagt\u00f6lum skapar hann r\u00famlega um fimmtung landsframlei\u00f0slunnar. Og \u00fe\u00e1 er a\u00f0eins r\u00e6tt um beint framlag til landsframlei\u00f0slunnar. Hi\u00f0 \u00f3beina framlag er mun meira. I\u00d0NA\u00d0ARS\u00ddNINGIN 2025 spannar hi\u00f0 v\u00ed\u00f0a svi\u00f0 i\u00f0na\u00f0ar hvort sem er \u00e1 svi\u00f0i mannvirkja, orku, framlei\u00f0slu, hugverka e\u00f0a gr\u00e6nna lausna svo eitthva\u00f0 s\u00e9 nefnt. Sl\u00edk s\u00fdning \u00e1 erindi vi\u00f0 landsmenn hvort sem \u00feeir starfa e\u00f0a tengjast i\u00f0na\u00f0arsvi\u00f0inu.<\/p>\n<p><span style=\"font-size: 14px;\"><\/span><\/p>\n<p><span style=\"font-size: 14px;\"><strong>I\u00d0NA\u00d0ARS\u00ddNINGIN<\/strong> <strong>2025<\/strong>\u00a0er unnin \u00ed samstarfi vi\u00f0 <strong>Samt\u00f6k I\u00f0na\u00f0arins<\/strong>.<\/span><\/p>\n<p>&nbsp;<\/p>\n<p>&nbsp;<\/p>\n<p>[\/et_pb_text][\/et_pb_column][\/et_pb_row][\/et_pb_section][et_pb_section fb_built=&#8220;1&#8243; _builder_version=&#8220;4.8.2&#8243; _module_preset=&#8220;default&#8220; background_color=&#8220;#009193&#8243; custom_padding=&#8220;||0px|||&#8220;][et_pb_row use_custom_gutter=&#8220;on&#8220; gutter_width=&#8220;1&#8243; _builder_version=&#8220;4.8.2&#8243; _module_preset=&#8220;default&#8220;][et_pb_column type=&#8220;4_4&#8243; _builder_version=&#8220;4.8.2&#8243; _module_preset=&#8220;default&#8220;][et_pb_gallery gallery_ids=&#8220;2563,2564,2565,2566,2567,2568,2569,2570,2571,2572,2573,2574,2575,2576,2577&#8243; gallery_orderby=&#8220;rand&#8220; orientation=&#8220;portrait&#8220; show_title_and_caption=&#8220;off&#8220; zoom_icon_color=&#8220;#FFFFFF&#8220; hover_overlay_color=&#8220;rgba(0,0,0,0.46)&#8220; _builder_version=&#8220;4.8.2&#8243; _module_preset=&#8220;default&#8220; pagination_text_color=&#8220;#E09900&#8243; background_color=&#8220;RGBA(0,0,0,0)&#8220; module_alignment=&#8220;left&#8220; custom_margin=&#8220;-30px|||||&#8220; box_shadow_style_image=&#8220;preset1&#8243; box_shadow_vertical_image=&#8220;4px&#8220;][\/et_pb_gallery][et_pb_text _builder_version=&#8220;4.8.2&#8243; _module_preset=&#8220;default&#8220; max_width=&#8220;92%&#8220; module_alignment=&#8220;left&#8220; custom_margin=&#8220;-62px|0px|||false|false&#8220; custom_padding=&#8220;|0px|||false|false&#8220;]Lj\u00f3sm.: J\u00f3n Svavarsson \u00a9 <a href=\"mailto:motiv@simnet.is\">MOTIV<\/a>[\/et_pb_text][\/et_pb_column][\/et_pb_row][\/et_pb_section][et_pb_section fb_built=&#8220;1&#8243; prev_background_color=&#8220;#009193&#8243; disabled_on=&#8220;off|off|off&#8220; admin_label=&#8220;About Me&#8220; _builder_version=&#8220;4.8.2&#8243; background_enable_color=&#8220;off&#8220; min_height=&#8220;289.6px&#8220; custom_margin=&#8220;-17px|||||&#8220; custom_padding=&#8220;2px|0px|54px|0px|false|false&#8220; top_divider_style=&#8220;curve&#8220; top_divider_height=&#8220;6vw&#8220; top_divider_flip=&#8220;vertical&#8220;][et_pb_row column_structure=&#8220;1_2,1_2&#8243; disabled_on=&#8220;off|off|off&#8220; _builder_version=&#8220;4.8.2&#8243; animation_style=&#8220;slide&#8220;][et_pb_column type=&#8220;1_2&#8243; _builder_version=&#8220;4.8.2&#8243; custom_padding=&#8220;|||&#8220; custom_padding__hover=&#8220;|||&#8220;][et_pb_blurb image_max_width=&#8220;80px&#8220; _builder_version=&#8220;4.8.2&#8243; header_font=&#8220;Merriweather|700|||||||&#8220; header_line_height=&#8220;1.8em&#8220; body_font=&#8220;||||||||&#8220; body_font_size=&#8220;13px&#8220; body_line_height=&#8220;2em&#8220; background_enable_color=&#8220;off&#8220; text_orientation=&#8220;center&#8220; custom_padding=&#8220;30px|30px|30px|30px|true|true&#8220; border_radii=&#8220;on|10px|10px|10px|10px&#8220; border_radii_image=&#8220;on|100px|100px|100px|100px&#8220; box_shadow_style=&#8220;preset1&#8243; box_shadow_vertical=&#8220;10px&#8220; box_shadow_blur=&#8220;60px&#8220; box_shadow_color=&#8220;rgba(1,33,92,0.1)&#8220; box_shadow_style_image=&#8220;preset1&#8243; box_shadow_vertical_image=&#8220;10px&#8220; box_shadow_blur_image=&#8220;40px&#8220; box_shadow_spread_image=&#8220;-10px&#8220; box_shadow_color_image=&#8220;rgba(91,110,115,0.1)&#8220; locked=&#8220;off&#8220;]<\/p>\n<p><a href=\"https:\/\/ritsyn.is\/\" target=\"_blank\" rel=\"noopener noreferrer\" title=\"Rits\u00fdn\"><img loading=\"lazy\" decoding=\"async\" src=\"https:\/\/idnadarsyningin.is\/wp-content\/uploads\/2023\/01\/ritsyn.jpg\" width=\"331\" height=\"152\" alt=\"\" class=\"wp-image-2558 alignnone size-full\" \/><\/a><\/p>\n<p><span style=\"font-size: small; font-family: inherit;\"><strong><\/strong><\/span><\/p>\n<p>[\/et_pb_blurb][\/et_pb_column][et_pb_column type=&#8220;1_2&#8243; _builder_version=&#8220;4.8.2&#8243; custom_padding=&#8220;|||&#8220; custom_padding__hover=&#8220;|||&#8220;][et_pb_blurb image_max_width=&#8220;80px&#8220; _builder_version=&#8220;4.8.2&#8243; header_font=&#8220;Merriweather|700|||||||&#8220; header_line_height=&#8220;1.8em&#8220; body_font=&#8220;||||||||&#8220; body_font_size=&#8220;13px&#8220; body_line_height=&#8220;2em&#8220; background_enable_color=&#8220;off&#8220; text_orientation=&#8220;center&#8220; custom_padding=&#8220;30px|30px|30px|30px|true|true&#8220; border_radii=&#8220;on|10px|10px|10px|10px&#8220; border_radii_image=&#8220;on|100px|100px|100px|100px&#8220; box_shadow_style=&#8220;preset1&#8243; box_shadow_vertical=&#8220;10px&#8220; box_shadow_blur=&#8220;60px&#8220; box_shadow_color=&#8220;rgba(1,33,92,0.1)&#8220; box_shadow_style_image=&#8220;preset1&#8243; box_shadow_vertical_image=&#8220;10px&#8220; box_shadow_blur_image=&#8220;40px&#8220; box_shadow_spread_image=&#8220;-10px&#8220; box_shadow_color_image=&#8220;rgba(91,110,115,0.1)&#8220; locked=&#8220;off&#8220;]<\/p>\n<p><a href=\"https:\/\/www.si.is\/\" target=\"_blank\" rel=\"noopener noreferrer\" title=\"Samt\u00f6k I\u00f0na\u00f0arins\"><img loading=\"lazy\" decoding=\"async\" src=\"https:\/\/idnadarsyningin.is\/wp-content\/uploads\/2023\/01\/SI-logo.jpg\" width=\"177\" height=\"159\" alt=\"\" class=\"wp-image-2559 alignnone size-full\" style=\"display: block; margin-left: auto; margin-right: auto;\" \/><\/a><\/p>\n<p><span style=\"font-size: small; font-family: inherit;\"><strong><\/strong><\/span><\/p>\n<p>[\/et_pb_blurb][\/et_pb_column][\/et_pb_row][\/et_pb_section]<\/p>\n","protected":false},"excerpt":{"rendered":"<p>[et_pb_section fb_built=&#8220;1&#8243; next_background_color=&#8220;#fafafa&#8220; admin_label=&#8220;Header&#8220; _builder_version=&#8220;4.8.2&#8243; background_enable_color=&#8220;off&#8220; use_background_color_gradient=&#8220;on&#8220; background_color_gradient_start=&#8220;#038c94&#8243; background_color_gradient_end=&#8220;#051c2d&#8220; background_color_gradient_type=&#8220;radial&#8220; background_color_gradient_direction_radial=&#8220;top&#8220; background_color_gradient_start_position=&#8220;19%&#8220; background_enable_image=&#8220;off&#8220; min_height=&#8220;294px&#8220; min_height_tablet=&#8220;&#8220; min_height_phone=&#8220;&#8220; min_height_last_edited=&#8220;on|phone&#8220; custom_margin=&#8220;0px||0px||false|false&#8220; custom_margin_tablet=&#8220;-50px||||false|false&#8220; custom_margin_phone=&#8220;-56px||-56px||true|false&#8220; custom_margin_last_edited=&#8220;on|desktop&#8220; custom_padding=&#8220;0px||0vw||false|false&#8220; top_divider_height=&#8220;63px&#8220; top_divider_flip=&#8220;horizontal&#8220; bottom_divider_style=&#8220;waves2&#8243; bottom_divider_height=&#8220;3vw&#8220; bottom_divider_flip=&#8220;vertical&#8220; link_option_url_new_window=&#8220;on&#8220; background_last_edited=&#8220;on|desktop&#8220; parallax_phone=&#8220;off&#8220; custom_margin__hover_enabled=&#8220;off|desktop&#8220;][et_pb_row _builder_version=&#8220;4.8.2&#8243; _module_preset=&#8220;default&#8220; custom_margin=&#8220;|auto|-27px|auto||&#8220; custom_padding=&#8220;28px||75px|||&#8220;][et_pb_column type=&#8220;4_4&#8243; _builder_version=&#8220;4.8.2&#8243; _module_preset=&#8220;default&#8220;][et_pb_image src=&#8220;https:\/\/idnadarsyningin.is\/wp-content\/uploads\/2025\/08\/logoNOTA.png&#8220; alt=&#8220;I\u00f0na\u00f0ars\u00fdningin 2023&#8243; title_text=&#8220;logoNOTA&#8220; align=&#8220;center&#8220; src_tablet=&#8220;https:\/\/idnadarsyningin.is\/wp-content\/uploads\/2025\/08\/logoNOTA-1.png&#8220; src_phone=&#8220;https:\/\/idnadarsyningin.is\/wp-content\/uploads\/2025\/08\/logoNOTA-1.png&#8220; src_last_edited=&#8220;on|desktop&#8220; disabled_on=&#8220;off|off|off&#8220; _builder_version=&#8220;4.8.2&#8243; _module_preset=&#8220;default&#8220; background_enable_color=&#8220;off&#8220; use_background_color_gradient=&#8220;off&#8220; background_enable_image=&#8220;off&#8220; max_width=&#8220;29%&#8220; max_width_tablet=&#8220;34%&#8220; max_width_phone=&#8220;&#8220; [&hellip;]<\/p>\n","protected":false},"author":1,"featured_media":0,"parent":0,"menu_order":0,"comment_status":"closed","ping_status":"closed","template":"","meta":{"_et_pb_use_builder":"on","_et_pb_old_content":"","_et_gb_content_width":"","footnotes":""},"class_list":["post-11","page","type-page","status-publish","hentry"],"_links":{"self":[{"href":"https:\/\/idnadarsyningin.is\/en\/wp-json\/wp\/v2\/pages\/11","targetHints":{"allow":["GET"]}}],"collection":[{"href":"https:\/\/idnadarsyningin.is\/en\/wp-json\/wp\/v2\/pages"}],"about":[{"href":"https:\/\/idnadarsyningin.is\/en\/wp-json\/wp\/v2\/types\/page"}],"author":[{"embeddable":true,"href":"https:\/\/idnadarsyningin.is\/en\/wp-json\/wp\/v2\/users\/1"}],"replies":[{"embeddable":true,"href":"https:\/\/idnadarsyningin.is\/en\/wp-json\/wp\/v2\/comments?post=11"}],"version-history":[{"count":161,"href":"https:\/\/idnadarsyningin.is\/en\/wp-json\/wp\/v2\/pages\/11\/revisions"}],"predecessor-version":[{"id":3024,"href":"https:\/\/idnadarsyningin.is\/en\/wp-json\/wp\/v2\/pages\/11\/revisions\/3024"}],"wp:attachment":[{"href":"https:\/\/idnadarsyningin.is\/en\/wp-json\/wp\/v2\/media?parent=11"}],"curies":[{"name":"wp","href":"https:\/\/api.w.org\/{rel}","templated":true}]}}